{"id":29,"date":"2023-10-18T14:18:56","date_gmt":"2023-10-18T12:18:56","guid":{"rendered":"https:\/\/mob-media.info\/?page_id=29"},"modified":"2025-10-31T11:01:55","modified_gmt":"2025-10-31T10:01:55","slug":"notre-ligne-editoriale","status":"publish","type":"page","link":"https:\/\/mob-media.info\/index.php\/notre-ligne-editoriale\/","title":{"rendered":"LA LIGNE \u00c9DITORIALE"},"content":{"rendered":"\n<div class=\"wp-block-columns is-layout-flex wp-container-core-columns-is-layout-28f84493 wp-block-columns-is-layout-flex\">\n<div class=\"wp-block-column is-vertically-aligned-center is-layout-flow wp-block-column-is-layout-flow\" style=\"flex-basis:100%\">\n<div class=\"wp-block-columns is-layout-flex wp-container-core-columns-is-layout-28f84493 wp-block-columns-is-layout-flex\">\n<div class=\"wp-block-column is-layout-flow wp-block-column-is-layout-flow\" style=\"flex-basis:100%\">\n<div class=\"wp-block-columns is-layout-flex wp-container-core-columns-is-layout-28f84493 wp-block-columns-is-layout-flex\">\n<div class=\"wp-block-column is-layout-flow wp-block-column-is-layout-flow\">\n<figure class=\"wp-block-image is-style-default\" style=\"margin-top:0;margin-bottom:0\"><img decoding=\"async\" src=\"https:\/\/mob-media.info\/wp-content\/uploads\/2023\/10\/LigneEdito_1-scaled.jpg\" alt=\"\"\/><\/figure>\n<\/div>\n\n\n\n<div class=\"wp-block-column is-layout-flow wp-block-column-is-layout-flow\">\n<figure class=\"wp-block-image size-full\"><img fetchpriority=\"high\" decoding=\"async\" width=\"1810\" height=\"2560\" src=\"https:\/\/mob-media.info\/wp-content\/uploads\/2023\/10\/LigneEdito_2-scaled.jpg\" alt=\"\" class=\"wp-image-33\" srcset=\"https:\/\/mob-media.info\/wp-content\/uploads\/2023\/10\/LigneEdito_2-scaled.jpg 1810w, https:\/\/mob-media.info\/wp-content\/uploads\/2023\/10\/LigneEdito_2-212x300.jpg 212w, https:\/\/mob-media.info\/wp-content\/uploads\/2023\/10\/LigneEdito_2-724x1024.jpg 724w, https:\/\/mob-media.info\/wp-content\/uploads\/2023\/10\/LigneEdito_2-768x1086.jpg 768w, https:\/\/mob-media.info\/wp-content\/uploads\/2023\/10\/LigneEdito_2-1086x1536.jpg 1086w, https:\/\/mob-media.info\/wp-content\/uploads\/2023\/10\/LigneEdito_2-1448x2048.jpg 1448w, https:\/\/mob-media.info\/wp-content\/uploads\/2023\/10\/LigneEdito_2-2000x2829.jpg 2000w\" sizes=\"(max-width: 1810px) 100vw, 1810px\" \/><\/figure>\n<\/div>\n<\/div>\n\n\n\n<details class=\"wp-block-details is-layout-flow wp-block-details-is-layout-flow\"><summary><\/summary>\n<div class=\"wp-block-columns is-layout-flex wp-container-core-columns-is-layout-28f84493 wp-block-columns-is-layout-flex\">\n<div class=\"wp-block-column is-layout-flow wp-block-column-is-layout-flow\" style=\"flex-basis:100%\">\n<h2 class=\"wp-block-heading has-black-color has-text-color\" id=\"inspiro-is-a-digital-product-agency-that-focuses-on-strategy-and-design\" style=\"font-size:clamp(15.747px, 0.984rem + ((1vw - 3.2px) * 0.73), 24px);font-style:normal;font-weight:800;text-transform:none\"><\/h2>\n<\/div>\n<\/div>\n<\/details>\n<\/div>\n<\/div>\n\n\n\n<div class=\"wp-block-columns is-layout-flex wp-container-core-columns-is-layout-28f84493 wp-block-columns-is-layout-flex\">\n<div class=\"wp-block-column is-layout-flow wp-block-column-is-layout-flow\">\n<figure class=\"wp-block-embed is-type-video is-provider-youtube wp-block-embed-youtube wp-embed-aspect-16-9 wp-has-aspect-ratio\"><div class=\"wp-block-embed__wrapper\">\n<iframe title=\"C&#039;est quoi la bataille culturelle ? (Et comment l&#039;extr\u00eame droite est en train de la gagner)\" width=\"950\" height=\"534\" src=\"https:\/\/www.youtube.com\/embed\/-hvwMDesbfg?start=9&#038;feature=oembed\" frameborder=\"0\" allow=\"accelerometer; autoplay; clipboard-write; encrypted-media; gyroscope; picture-in-picture; web-share\" referrerpolicy=\"strict-origin-when-cross-origin\" allowfullscreen><\/iframe>\n<\/div><\/figure>\n\n\n\n<h2 class=\"wp-block-heading has-white-color has-vivid-purple-background-color has-text-color has-background has-medium-font-size\">Contenus informatifs<\/h2>\n\n\n\n<p><strong>Raconter la d\u00e9mocratie au plus grand nombre et simplement quand la politique\/vivre-ensemble nous semble si confus.<\/strong><\/p>\n<\/div>\n\n\n\n<div class=\"wp-block-column is-layout-flow wp-block-column-is-layout-flow\">\n<figure class=\"wp-block-embed is-type-video is-provider-youtube wp-block-embed-youtube wp-embed-aspect-16-9 wp-has-aspect-ratio\"><div class=\"wp-block-embed__wrapper\">\n<iframe title=\"Kanaky \/ Nouvelle-Cal\u00e9donie : l&#039;urgence de l&#039;ind\u00e9pendance ?\" width=\"950\" height=\"534\" src=\"https:\/\/www.youtube.com\/embed\/Ea9mdv_QumI?start=29&#038;feature=oembed\" frameborder=\"0\" allow=\"accelerometer; autoplay; clipboard-write; encrypted-media; gyroscope; picture-in-picture; web-share\" referrerpolicy=\"strict-origin-when-cross-origin\" allowfullscreen><\/iframe>\n<\/div><\/figure>\n\n\n\n<h2 class=\"wp-block-heading has-white-color has-luminous-vivid-orange-background-color has-text-color has-background has-medium-font-size\">T\u00e9moignages \u00e9clairants<\/h2>\n\n\n\n<p><strong>Des gens s&rsquo;engagent et d\u00e9fendent la d\u00e9mocratie. Ils sont les mieux plac\u00e9s pour nous dire ce qu&rsquo;on peut am\u00e9liorer ou inventer, ensemble.<\/strong><\/p>\n<\/div>\n\n\n\n<div class=\"wp-block-column is-layout-flow wp-block-column-is-layout-flow\">\n<figure class=\"wp-block-embed is-type-video is-provider-youtube wp-block-embed-youtube wp-embed-aspect-16-9 wp-has-aspect-ratio\"><div class=\"wp-block-embed__wrapper\">\n<iframe title=\"Assembl\u00e9e citoyenne (4\/4) - Clap de faim \u00e0 Poitiers\" width=\"950\" height=\"534\" src=\"https:\/\/www.youtube.com\/embed\/8SUmFb2uA_c?start=227&#038;feature=oembed\" frameborder=\"0\" allow=\"accelerometer; autoplay; clipboard-write; encrypted-media; gyroscope; picture-in-picture; web-share\" referrerpolicy=\"strict-origin-when-cross-origin\" allowfullscreen><\/iframe>\n<\/div><\/figure>\n\n\n\n<h2 class=\"wp-block-heading has-white-color has-vivid-purple-background-color has-text-color has-background has-medium-font-size\">Reportages et docus inspirants<\/h2>\n\n\n\n<p><strong>Parce qu&rsquo;il faut parfois prendre le temps et s&rsquo;immerger pour mieux vous raconter, nos journalistes vont aller sur le terrain de la d\u00e9mocratie la plus locale.<\/strong><\/p>\n<\/div>\n<\/div>\n\n\n\n<div class=\"wp-block-buttons is-content-justification-center is-layout-flex wp-container-core-buttons-is-layout-a89b3969 wp-block-buttons-is-layout-flex\">\n<div class=\"wp-block-button is-style-outline is-style-outline--1\"><a class=\"wp-block-button__link has-white-color has-luminous-vivid-orange-background-color has-text-color has-background wp-element-button\" href=\"https:\/\/linktr.ee\/mob_media\">NOS PLATEFORMES<\/a><\/div>\n\n\n\n<div class=\"wp-block-button is-style-outline is-style-outline--2\"><a class=\"wp-block-button__link has-white-color has-luminous-vivid-orange-background-color has-text-color has-background wp-element-button\" href=\"https:\/\/mob-media.info\/index.php\/nous-contacter\/\">NOS services vid\u00e9os<\/a><\/div>\n\n\n\n<div class=\"wp-block-button has-custom-width wp-block-button__width-50 is-style-outline is-style-outline--3\"><a class=\"wp-block-button__link has-white-color has-vivid-purple-background-color has-text-color has-background has-text-align-center wp-element-button\" href=\"https:\/\/mob-media.info\/index.php\/la-newsletter\/\" style=\"border-radius:15px\">la newsletter<\/a><\/div>\n<\/div>\n\n\n\n<h2 class=\"wp-block-heading has-text-align-center\">On fait des vid\u00e9os mais aussi des infographies pour pousser les r\u00e9flexions d&rsquo;actualit\u00e9 sur la d\u00e9mocratie :<\/h2>\n\n\n\n<div class=\"wp-block-columns is-layout-flex wp-container-core-columns-is-layout-28f84493 wp-block-columns-is-layout-flex\">\n<div class=\"wp-block-column is-layout-flow wp-block-column-is-layout-flow\">\n<figure class=\"wp-block-image size-large\"><img decoding=\"async\" width=\"1024\" height=\"1024\" src=\"https:\/\/mob-media.info\/wp-content\/uploads\/2024\/02\/infographie-Agri-MIX-1024x1024.png\" alt=\"\" class=\"wp-image-268\" srcset=\"https:\/\/mob-media.info\/wp-content\/uploads\/2024\/02\/infographie-Agri-MIX-1024x1024.png 1024w, https:\/\/mob-media.info\/wp-content\/uploads\/2024\/02\/infographie-Agri-MIX-300x300.png 300w, https:\/\/mob-media.info\/wp-content\/uploads\/2024\/02\/infographie-Agri-MIX-150x150.png 150w, https:\/\/mob-media.info\/wp-content\/uploads\/2024\/02\/infographie-Agri-MIX-768x768.png 768w, https:\/\/mob-media.info\/wp-content\/uploads\/2024\/02\/infographie-Agri-MIX.png 1080w\" sizes=\"(max-width: 1024px) 100vw, 1024px\" \/><\/figure>\n<\/div>\n\n\n\n<div class=\"wp-block-column is-layout-flow wp-block-column-is-layout-flow\">\n<figure class=\"wp-block-image size-large\"><img decoding=\"async\" width=\"1024\" height=\"1024\" src=\"https:\/\/mob-media.info\/wp-content\/uploads\/2024\/02\/infographie-Conseil-MIX-1024x1024.png\" alt=\"\" class=\"wp-image-269\" srcset=\"https:\/\/mob-media.info\/wp-content\/uploads\/2024\/02\/infographie-Conseil-MIX-1024x1024.png 1024w, https:\/\/mob-media.info\/wp-content\/uploads\/2024\/02\/infographie-Conseil-MIX-300x300.png 300w, https:\/\/mob-media.info\/wp-content\/uploads\/2024\/02\/infographie-Conseil-MIX-150x150.png 150w, https:\/\/mob-media.info\/wp-content\/uploads\/2024\/02\/infographie-Conseil-MIX-768x768.png 768w, https:\/\/mob-media.info\/wp-content\/uploads\/2024\/02\/infographie-Conseil-MIX.png 1080w\" sizes=\"(max-width: 1024px) 100vw, 1024px\" \/><\/figure>\n<\/div>\n<\/div>\n<\/div>\n<\/div>\n\n\n\n<div class=\"wp-block-columns is-layout-flex wp-container-core-columns-is-layout-28f84493 wp-block-columns-is-layout-flex\">\n<div class=\"wp-block-column is-layout-flow wp-block-column-is-layout-flow\">\n<figure class=\"wp-block-image size-full\"><img loading=\"lazy\" decoding=\"async\" width=\"1810\" height=\"2560\" src=\"https:\/\/mob-media.info\/wp-content\/uploads\/2023\/10\/LigneEdito_3-scaled.jpg\" alt=\"\" class=\"wp-image-34\" srcset=\"https:\/\/mob-media.info\/wp-content\/uploads\/2023\/10\/LigneEdito_3-scaled.jpg 1810w, https:\/\/mob-media.info\/wp-content\/uploads\/2023\/10\/LigneEdito_3-212x300.jpg 212w, https:\/\/mob-media.info\/wp-content\/uploads\/2023\/10\/LigneEdito_3-724x1024.jpg 724w, https:\/\/mob-media.info\/wp-content\/uploads\/2023\/10\/LigneEdito_3-768x1086.jpg 768w, https:\/\/mob-media.info\/wp-content\/uploads\/2023\/10\/LigneEdito_3-1086x1536.jpg 1086w, https:\/\/mob-media.info\/wp-content\/uploads\/2023\/10\/LigneEdito_3-1448x2048.jpg 1448w, https:\/\/mob-media.info\/wp-content\/uploads\/2023\/10\/LigneEdito_3-2000x2829.jpg 2000w\" sizes=\"(max-width: 1810px) 100vw, 1810px\" \/><\/figure>\n<\/div>\n\n\n\n<div class=\"wp-block-column is-layout-flow wp-block-column-is-layout-flow\">\n<figure class=\"wp-block-image size-full\"><img loading=\"lazy\" decoding=\"async\" width=\"499\" height=\"720\" src=\"https:\/\/mob-media.info\/wp-content\/uploads\/2025\/01\/Lequipe-1.png\" alt=\"\" class=\"wp-image-1116\" srcset=\"https:\/\/mob-media.info\/wp-content\/uploads\/2025\/01\/Lequipe-1.png 499w, https:\/\/mob-media.info\/wp-content\/uploads\/2025\/01\/Lequipe-1-208x300.png 208w\" sizes=\"(max-width: 499px) 100vw, 499px\" \/><\/figure>\n<\/div>\n<\/div>\n\n\n\n<iframe id=\"haWidget\" allowtransparency=\"true\" scrolling=\"auto\" src=\"https:\/\/www.helloasso.com\/associations\/mob-le-media-de-la-democratie\/formulaires\/1\/widget\" style=\"width: 100%; height: 750px; border: none;\"><\/iframe>\n","protected":false},"excerpt":{"rendered":"<p>Contenus informatifs Raconter la d\u00e9mocratie au plus grand nombre et simplement quand la politique\/vivre-ensemble nous semble si confus. T\u00e9moignages \u00e9clairants Des gens s&rsquo;engagent et d\u00e9fendent la d\u00e9mocratie. Ils sont les mieux plac\u00e9s pour nous dire ce qu&rsquo;on peut am\u00e9liorer ou inventer, ensemble. Reportages et docus inspirants Parce qu&rsquo;il faut parfois prendre le temps et s&rsquo;immerger &hellip; <\/p>\n<p class=\"link-more\"><a href=\"https:\/\/mob-media.info\/index.php\/notre-ligne-editoriale\/\" class=\"more-link\">Lire la suite de<span class=\"screen-reader-text\">\u00ab\u00a0LA LIGNE \u00c9DITORIALE\u00a0\u00bb<\/span><\/a><\/p>\n","protected":false},"author":1,"featured_media":0,"parent":0,"menu_order":0,"comment_status":"closed","ping_status":"closed","template":"","meta":{"footnotes":""},"class_list":["post-29","page","type-page","status-publish","hentry"],"featured_media_urls":[],"_links":{"self":[{"href":"https:\/\/mob-media.info\/index.php\/wp-json\/wp\/v2\/pages\/29","targetHints":{"allow":["GET"]}}],"collection":[{"href":"https:\/\/mob-media.info\/index.php\/wp-json\/wp\/v2\/pages"}],"about":[{"href":"https:\/\/mob-media.info\/index.php\/wp-json\/wp\/v2\/types\/page"}],"author":[{"embeddable":true,"href":"https:\/\/mob-media.info\/index.php\/wp-json\/wp\/v2\/users\/1"}],"replies":[{"embeddable":true,"href":"https:\/\/mob-media.info\/index.php\/wp-json\/wp\/v2\/comments?post=29"}],"version-history":[{"count":25,"href":"https:\/\/mob-media.info\/index.php\/wp-json\/wp\/v2\/pages\/29\/revisions"}],"predecessor-version":[{"id":2176,"href":"https:\/\/mob-media.info\/index.php\/wp-json\/wp\/v2\/pages\/29\/revisions\/2176"}],"wp:attachment":[{"href":"https:\/\/mob-media.info\/index.php\/wp-json\/wp\/v2\/media?parent=29"}],"curies":[{"name":"wp","href":"https:\/\/api.w.org\/{rel}","templated":true}]}}